{"id":1866,"date":"2025-04-23T12:08:05","date_gmt":"2025-04-23T12:08:05","guid":{"rendered":"https:\/\/www.repatriation.hu\/?page_id=1866"},"modified":"2025-04-23T12:13:28","modified_gmt":"2025-04-23T12:13:28","slug":"sikeres-kapcsolatfelvetel","status":"publish","type":"page","link":"https:\/\/www.repatriation.hu\/de\/sikeres-kapcsolatfelvetel\/","title":{"rendered":"Sikeres-kapcsolatfelvetel"},"content":{"rendered":"<div data-elementor-type=\"wp-page\" data-elementor-id=\"1866\" class=\"elementor elementor-1866\" data-elementor-settings=\"{&quot;ha_cmc_init_switcher&quot;:&quot;no&quot;}\" data-elementor-post-type=\"page\">\n\t\t\t\t<div class=\"elementor-element elementor-element-215d30fe e-flex e-con-boxed e-con e-parent\" data-id=\"215d30fe\" data-element_type=\"container\" data-settings=\"{&quot;_ha_eqh_enable&quot;:false}\">\n\t\t\t\t\t<div class=\"e-con-inner\">\n\t\t\t\t<div class=\"elementor-element elementor-element-314e88bb elementor-widget elementor-widget-text-editor\" data-id=\"314e88bb\" data-element_type=\"widget\" data-widget_type=\"text-editor.default\">\n\t\t\t\t<div class=\"elementor-widget-container\">\n\t\t\t\t\t\t\t\t\t<p class=\"\" data-start=\"156\" data-end=\"206\"><strong data-start=\"156\" data-end=\"206\">Vielen Dank, dass Sie uns kontaktiert haben!<\/strong><\/p><p class=\"translation-block\" data-start=\"208\" data-end=\"369\">Ihre Nachricht wurde erfolgreich \u00fcbermittelt, und wir werden uns in K\u00fcrze mit Ihnen in Verbindung setzen.\nFalls es sich um ein dringendes Anliegen handelt, rufen Sie uns bitte unter der angegebenen Telefonnummer an.<\/p><h3 data-start=\"371\" data-end=\"405\" class=\"translation-block\">Mit freundlichen Gr\u00fc\u00dfen\nSi\u00f3 Bestattungen<\/h3>\t\t\t\t\t\t\t\t<\/div>\n\t\t\t\t<\/div>\n\t\t\t\t\t<\/div>\n\t\t\t\t<\/div>\n\t\t\t\t<\/div>","protected":false},"excerpt":{"rendered":"<p>K\u00f6sz\u00f6nj\u00fck, hogy felvette vel\u00fcnk a kapcsolatot! \u00dczenet\u00e9t sikeresen megkaptuk, \u00e9s hamarosan felvessz\u00fck \u00d6nnel a kapcsolatot.Amennyiben s\u00fcrg\u0151s \u00fcgyben keresett minket, k\u00e9rj\u00fck, h\u00edvja a megadott telefonsz\u00e1munkat. Tisztelettel:Si\u00f3 Temetkez\u00e9s<\/p>","protected":false},"author":1,"featured_media":0,"parent":0,"menu_order":0,"comment_status":"closed","ping_status":"closed","template":"elementor_header_footer","meta":{"footnotes":""},"class_list":["post-1866","page","type-page","status-publish","hentry"],"yoast_head":"<!-- This site is optimized with the Yoast SEO Premium plugin v24.7 (Yoast SEO v24.7) - https:\/\/yoast.com\/wordpress\/plugins\/seo\/ -->\n<title>Sikeres-kapcsolatfelvetel<\/title>\n<meta name=\"robots\" content=\"index, follow, max-snippet:-1, max-image-preview:large, max-video-preview:-1\" \/>\n<link rel=\"canonical\" href=\"https:\/\/www.repatriation.hu\/de\/sikeres-kapcsolatfelvetel\/\" \/>\n<meta property=\"og:locale\" content=\"de_DE\" \/>\n<meta property=\"og:type\" content=\"article\" \/>\n<meta property=\"og:title\" content=\"Sikeres-kapcsolatfelvetel\" \/>\n<meta property=\"og:description\" content=\"K\u00f6sz\u00f6nj\u00fck, hogy felvette vel\u00fcnk a kapcsolatot! \u00dczenet\u00e9t sikeresen megkaptuk, \u00e9s hamarosan felvessz\u00fck \u00d6nnel a kapcsolatot.Amennyiben s\u00fcrg\u0151s \u00fcgyben keresett minket, k\u00e9rj\u00fck, h\u00edvja a megadott telefonsz\u00e1munkat. Tisztelettel:Si\u00f3 Temetkez\u00e9s\" \/>\n<meta property=\"og:url\" content=\"https:\/\/www.repatriation.hu\/de\/sikeres-kapcsolatfelvetel\/\" \/>\n<meta property=\"og:site_name\" content=\"repatriation.hu\" \/>\n<meta property=\"article:modified_time\" content=\"2025-04-23T12:13:28+00:00\" \/>\n<meta name=\"twitter:card\" content=\"summary_large_image\" \/>\n<meta name=\"twitter:label1\" content=\"Gesch\u00e4tzte Lesezeit\" \/>\n\t<meta name=\"twitter:data1\" content=\"1\u00a0Minute\" \/>\n<script type=\"application\/ld+json\" class=\"yoast-schema-graph\">{\"@context\":\"https:\/\/schema.org\",\"@graph\":[{\"@type\":\"WebPage\",\"@id\":\"https:\/\/www.repatriation.hu\/sikeres-kapcsolatfelvetel\/\",\"url\":\"https:\/\/www.repatriation.hu\/sikeres-kapcsolatfelvetel\/\",\"name\":\"Sikeres-kapcsolatfelvetel\",\"isPartOf\":{\"@id\":\"https:\/\/www.repatriation.hu\/#website\"},\"datePublished\":\"2025-04-23T12:08:05+00:00\",\"dateModified\":\"2025-04-23T12:13:28+00:00\",\"breadcrumb\":{\"@id\":\"https:\/\/www.repatriation.hu\/sikeres-kapcsolatfelvetel\/#breadcrumb\"},\"inLanguage\":\"de\",\"potentialAction\":[{\"@type\":\"ReadAction\",\"target\":[\"https:\/\/www.repatriation.hu\/sikeres-kapcsolatfelvetel\/\"]}]},{\"@type\":\"BreadcrumbList\",\"@id\":\"https:\/\/www.repatriation.hu\/sikeres-kapcsolatfelvetel\/#breadcrumb\",\"itemListElement\":[{\"@type\":\"ListItem\",\"position\":1,\"name\":\"Home\",\"item\":\"https:\/\/www.repatriation.hu\/\"},{\"@type\":\"ListItem\",\"position\":2,\"name\":\"Sikeres-kapcsolatfelvetel\"}]},{\"@type\":\"WebSite\",\"@id\":\"https:\/\/www.repatriation.hu\/#website\",\"url\":\"https:\/\/www.repatriation.hu\/\",\"name\":\"repatriation.hu\",\"description\":\"\",\"potentialAction\":[{\"@type\":\"SearchAction\",\"target\":{\"@type\":\"EntryPoint\",\"urlTemplate\":\"https:\/\/www.repatriation.hu\/?s={search_term_string}\"},\"query-input\":{\"@type\":\"PropertyValueSpecification\",\"valueRequired\":true,\"valueName\":\"search_term_string\"}}],\"inLanguage\":\"de\"}]}<\/script>\n<!-- \/ Yoast SEO Premium plugin. -->","yoast_head_json":{"title":"Sikeres-kapcsolatfelvetel","robots":{"index":"index","follow":"follow","max-snippet":"max-snippet:-1","max-image-preview":"max-image-preview:large","max-video-preview":"max-video-preview:-1"},"canonical":"https:\/\/www.repatriation.hu\/de\/sikeres-kapcsolatfelvetel\/","og_locale":"de_DE","og_type":"article","og_title":"Sikeres-kapcsolatfelvetel","og_description":"K\u00f6sz\u00f6nj\u00fck, hogy felvette vel\u00fcnk a kapcsolatot! \u00dczenet\u00e9t sikeresen megkaptuk, \u00e9s hamarosan felvessz\u00fck \u00d6nnel a kapcsolatot.Amennyiben s\u00fcrg\u0151s \u00fcgyben keresett minket, k\u00e9rj\u00fck, h\u00edvja a megadott telefonsz\u00e1munkat. Tisztelettel:Si\u00f3 Temetkez\u00e9s","og_url":"https:\/\/www.repatriation.hu\/de\/sikeres-kapcsolatfelvetel\/","og_site_name":"repatriation.hu","article_modified_time":"2025-04-23T12:13:28+00:00","twitter_card":"summary_large_image","twitter_misc":{"Gesch\u00e4tzte Lesezeit":"1\u00a0Minute"},"schema":{"@context":"https:\/\/schema.org","@graph":[{"@type":"WebPage","@id":"https:\/\/www.repatriation.hu\/sikeres-kapcsolatfelvetel\/","url":"https:\/\/www.repatriation.hu\/sikeres-kapcsolatfelvetel\/","name":"Sikeres-kapcsolatfelvetel","isPartOf":{"@id":"https:\/\/www.repatriation.hu\/#website"},"datePublished":"2025-04-23T12:08:05+00:00","dateModified":"2025-04-23T12:13:28+00:00","breadcrumb":{"@id":"https:\/\/www.repatriation.hu\/sikeres-kapcsolatfelvetel\/#breadcrumb"},"inLanguage":"de","potentialAction":[{"@type":"ReadAction","target":["https:\/\/www.repatriation.hu\/sikeres-kapcsolatfelvetel\/"]}]},{"@type":"BreadcrumbList","@id":"https:\/\/www.repatriation.hu\/sikeres-kapcsolatfelvetel\/#breadcrumb","itemListElement":[{"@type":"ListItem","position":1,"name":"Home","item":"https:\/\/www.repatriation.hu\/"},{"@type":"ListItem","position":2,"name":"Sikeres-kapcsolatfelvetel"}]},{"@type":"WebSite","@id":"https:\/\/www.repatriation.hu\/#website","url":"https:\/\/www.repatriation.hu\/","name":"repatriation.hu","description":"","potentialAction":[{"@type":"SearchAction","target":{"@type":"EntryPoint","urlTemplate":"https:\/\/www.repatriation.hu\/?s={search_term_string}"},"query-input":{"@type":"PropertyValueSpecification","valueRequired":true,"valueName":"search_term_string"}}],"inLanguage":"de"}]}},"_links":{"self":[{"href":"https:\/\/www.repatriation.hu\/de\/wp-json\/wp\/v2\/pages\/1866","targetHints":{"allow":["GET"]}}],"collection":[{"href":"https:\/\/www.repatriation.hu\/de\/wp-json\/wp\/v2\/pages"}],"about":[{"href":"https:\/\/www.repatriation.hu\/de\/wp-json\/wp\/v2\/types\/page"}],"author":[{"embeddable":true,"href":"https:\/\/www.repatriation.hu\/de\/wp-json\/wp\/v2\/users\/1"}],"replies":[{"embeddable":true,"href":"https:\/\/www.repatriation.hu\/de\/wp-json\/wp\/v2\/comments?post=1866"}],"version-history":[{"count":4,"href":"https:\/\/www.repatriation.hu\/de\/wp-json\/wp\/v2\/pages\/1866\/revisions"}],"predecessor-version":[{"id":1872,"href":"https:\/\/www.repatriation.hu\/de\/wp-json\/wp\/v2\/pages\/1866\/revisions\/1872"}],"wp:attachment":[{"href":"https:\/\/www.repatriation.hu\/de\/wp-json\/wp\/v2\/media?parent=1866"}],"curies":[{"name":"wp","href":"https:\/\/api.w.org\/{rel}","templated":true}]}}