{"id":1184,"date":"2025-03-17T20:54:07","date_gmt":"2025-03-17T20:54:07","guid":{"rendered":"https:\/\/www.repatriation.hu\/?page_id=1184"},"modified":"2025-03-18T18:55:25","modified_gmt":"2025-03-18T18:55:25","slug":"ceginfo","status":"publish","type":"page","link":"https:\/\/www.repatriation.hu\/ar\/ceginfo\/","title":{"rendered":"\u0645\u0639\u0644\u0648\u0645\u0627\u062a \u0627\u0644\u0634\u0631\u0643\u0629"},"content":{"rendered":"<div data-elementor-type=\"wp-page\" data-elementor-id=\"1184\" class=\"elementor elementor-1184\" data-elementor-settings=\"{&quot;ha_cmc_init_switcher&quot;:&quot;no&quot;}\" data-elementor-post-type=\"page\">\n\t\t\t\t<div class=\"elementor-element elementor-element-9c5767f e-flex e-con-boxed e-con e-parent\" data-id=\"9c5767f\" data-element_type=\"container\" data-settings=\"{&quot;_ha_eqh_enable&quot;:false}\">\n\t\t\t\t\t<div class=\"e-con-inner\">\n\t\t\t\t<div class=\"elementor-element elementor-element-3c92b80 elementor-widget elementor-widget-heading\" data-id=\"3c92b80\" data-element_type=\"widget\" data-widget_type=\"heading.default\">\n\t\t\t\t<div class=\"elementor-widget-container\">\n\t\t\t\t\t<h2 class=\"elementor-heading-title elementor-size-default\">C\u00e9ginform\u00e1ci\u00f3<\/h2>\t\t\t\t<\/div>\n\t\t\t\t<\/div>\n\t\t\t\t\t<\/div>\n\t\t\t\t<\/div>\n\t\t<div class=\"elementor-element elementor-element-103601b e-flex e-con-boxed e-con e-parent\" data-id=\"103601b\" data-element_type=\"container\" data-settings=\"{&quot;_ha_eqh_enable&quot;:false}\">\n\t\t\t\t\t<div class=\"e-con-inner\">\n\t\t<div class=\"elementor-element elementor-element-af58e92 e-con-full e-flex e-con e-child\" data-id=\"af58e92\" data-element_type=\"container\" data-settings=\"{&quot;_ha_eqh_enable&quot;:false}\">\n\t\t<div class=\"elementor-element elementor-element-0a52ec9 e-con-full e-flex e-con e-child\" data-id=\"0a52ec9\" data-element_type=\"container\" data-settings=\"{&quot;_ha_eqh_enable&quot;:false}\">\n\t\t\t\t<div class=\"elementor-element elementor-element-da2e5ec elementor-align-left elementor-icon-list--layout-traditional elementor-list-item-link-full_width elementor-widget elementor-widget-icon-list\" data-id=\"da2e5ec\" data-element_type=\"widget\" data-widget_type=\"icon-list.default\">\n\t\t\t\t<div class=\"elementor-widget-container\">\n\t\t\t\t\t\t\t<ul class=\"elementor-icon-list-items\">\n\t\t\t\t\t\t\t<li class=\"elementor-icon-list-item\">\n\t\t\t\t\t\t\t\t\t\t<span class=\"elementor-icon-list-text\">C\u00e9g neve: Nivis Assistance Zrt.<\/span>\n\t\t\t\t\t\t\t\t\t<\/li>\n\t\t\t\t\t\t\t\t<li class=\"elementor-icon-list-item\">\n\t\t\t\t\t\t\t\t\t\t<span class=\"elementor-icon-list-text\">Ad\u00f3sz\u00e1m: 14186060-2-42<\/span>\n\t\t\t\t\t\t\t\t\t<\/li>\n\t\t\t\t\t\t\t\t<li class=\"elementor-icon-list-item\">\n\t\t\t\t\t\t\t\t\t\t<span class=\"elementor-icon-list-text\">Bank neve: MKB Bank Nyrt.<\/span>\n\t\t\t\t\t\t\t\t\t<\/li>\n\t\t\t\t\t\t\t\t<li class=\"elementor-icon-list-item\">\n\t\t\t\t\t\t\t\t\t\t<span class=\"elementor-icon-list-text\">HUF sz\u00e1mlasz\u00e1m: 10300002-13426223-00014909<\/span>\n\t\t\t\t\t\t\t\t\t<\/li>\n\t\t\t\t\t\t<\/ul>\n\t\t\t\t\t\t<\/div>\n\t\t\t\t<\/div>\n\t\t\t\t<\/div>\n\t\t\t\t<\/div>\n\t\t<div class=\"elementor-element elementor-element-f2f8f09 e-con-full e-flex e-con e-child\" data-id=\"f2f8f09\" data-element_type=\"container\" data-settings=\"{&quot;_ha_eqh_enable&quot;:false}\">\n\t\t<div class=\"elementor-element elementor-element-de68ba5 e-con-full e-flex e-con e-child\" data-id=\"de68ba5\" data-element_type=\"container\" data-settings=\"{&quot;_ha_eqh_enable&quot;:false}\">\n\t\t\t\t<div class=\"elementor-element elementor-element-e6b81a2 elementor-align-left elementor-icon-list--layout-traditional elementor-list-item-link-full_width elementor-widget elementor-widget-icon-list\" data-id=\"e6b81a2\" data-element_type=\"widget\" data-widget_type=\"icon-list.default\">\n\t\t\t\t<div class=\"elementor-widget-container\">\n\t\t\t\t\t\t\t<ul class=\"elementor-icon-list-items\">\n\t\t\t\t\t\t\t<li class=\"elementor-icon-list-item\">\n\t\t\t\t\t\t\t\t\t\t<span class=\"elementor-icon-list-text\">Sz\u00e9khely: 1071 Budapest, Dembinszky utca 44.<\/span>\n\t\t\t\t\t\t\t\t\t<\/li>\n\t\t\t\t\t\t\t\t<li class=\"elementor-icon-list-item\">\n\t\t\t\t\t\t\t\t\t\t<span class=\"elementor-icon-list-text\">Ad\u00f3sz\u00e1m: HU14186060<\/span>\n\t\t\t\t\t\t\t\t\t<\/li>\n\t\t\t\t\t\t\t\t<li class=\"elementor-icon-list-item\">\n\t\t\t\t\t\t\t\t\t\t<span class=\"elementor-icon-list-text\">Bank c\u00edme:1056 Budapest, V\u00e1ci u. 38.<\/span>\n\t\t\t\t\t\t\t\t\t<\/li>\n\t\t\t\t\t\t\t\t<li class=\"elementor-icon-list-item\">\n\t\t\t\t\t\t\t\t\t\t<span class=\"elementor-icon-list-text\">EUR sz\u00e1mla IBAN sz\u00e1ma: BE59 9670 1161 6926<\/span>\n\t\t\t\t\t\t\t\t\t<\/li>\n\t\t\t\t\t\t<\/ul>\n\t\t\t\t\t\t<\/div>\n\t\t\t\t<\/div>\n\t\t\t\t<\/div>\n\t\t\t\t<\/div>\n\t\t<div class=\"elementor-element elementor-element-83dddc9 e-con-full e-flex e-con e-child\" data-id=\"83dddc9\" data-element_type=\"container\" data-settings=\"{&quot;_ha_eqh_enable&quot;:false}\">\n\t\t\t\t<div class=\"elementor-element elementor-element-822d7be elementor-align-left elementor-icon-list--layout-traditional elementor-list-item-link-full_width elementor-widget elementor-widget-icon-list\" data-id=\"822d7be\" data-element_type=\"widget\" data-widget_type=\"icon-list.default\">\n\t\t\t\t<div class=\"elementor-widget-container\">\n\t\t\t\t\t\t\t<ul class=\"elementor-icon-list-items\">\n\t\t\t\t\t\t\t<li class=\"elementor-icon-list-item\">\n\t\t\t\t\t\t\t\t\t\t<span class=\"elementor-icon-list-text\">C\u00e9gjegyz\u00e9ksz\u00e1m: 01-10-045876<\/span>\n\t\t\t\t\t\t\t\t\t<\/li>\n\t\t\t\t\t\t\t\t<li class=\"elementor-icon-list-item\">\n\t\t\t\t\t\t\t\t\t\t<span class=\"elementor-icon-list-text\">Eur\u00f3pai Egyedi Azonos\u00edt\u00f3: HUOCCSZ.01-10-045876<\/span>\n\t\t\t\t\t\t\t\t\t<\/li>\n\t\t\t\t\t\t\t\t<li class=\"elementor-icon-list-item\">\n\t\t\t\t\t\t\t\t\t\t<span class=\"elementor-icon-list-text\">SWIFT \/ BIC: TRWIBEB1XXX<\/span>\n\t\t\t\t\t\t\t\t\t<\/li>\n\t\t\t\t\t\t\t\t<li class=\"elementor-icon-list-item\">\n\t\t\t\t\t\t\t\t\t\t<span class=\"elementor-icon-list-text\">C\u00e9galap\u00edt\u00e1s d\u00e1tuma:2008. janu\u00e1r 8.<\/span>\n\t\t\t\t\t\t\t\t\t<\/li>\n\t\t\t\t\t\t<\/ul>\n\t\t\t\t\t\t<\/div>\n\t\t\t\t<\/div>\n\t\t\t\t<\/div>\n\t\t\t\t\t<\/div>\n\t\t\t\t<\/div>\n\t\t\t\t<\/div>","protected":false},"excerpt":{"rendered":"<p>C\u00e9ginform\u00e1ci\u00f3 C\u00e9g neve: Nivis Assistance Zrt. Ad\u00f3sz\u00e1m: 14186060-2-42 Bank neve: MKB Bank Nyrt. HUF sz\u00e1mlasz\u00e1m: 10300002-13426223-00014909 Sz\u00e9khely: 1071 Budapest, Dembinszky utca 44. Ad\u00f3sz\u00e1m: HU14186060 Bank c\u00edme:1056 Budapest, V\u00e1ci u. 38. EUR sz\u00e1mla IBAN sz\u00e1ma: BE59 9670 1161 6926 C\u00e9gjegyz\u00e9ksz\u00e1m: 01-10-045876 Eur\u00f3pai Egyedi Azonos\u00edt\u00f3: HUOCCSZ.01-10-045876 SWIFT \/ BIC: TRWIBEB1XXX C\u00e9galap\u00edt\u00e1s d\u00e1tuma:2008. janu\u00e1r 8.<\/p>","protected":false},"author":1,"featured_media":0,"parent":0,"menu_order":0,"comment_status":"closed","ping_status":"closed","template":"elementor_header_footer","meta":{"footnotes":""},"class_list":["post-1184","page","type-page","status-publish","hentry"],"yoast_head":"<!-- This site is optimized with the Yoast SEO Premium plugin v24.7 (Yoast SEO v24.7) - https:\/\/yoast.com\/wordpress\/plugins\/seo\/ -->\n<title>C\u00e9ginfo - repatriation.hu<\/title>\n<meta name=\"robots\" content=\"index, follow, max-snippet:-1, max-image-preview:large, max-video-preview:-1\" \/>\n<link rel=\"canonical\" href=\"https:\/\/www.repatriation.hu\/ar\/ceginfo\/\" \/>\n<meta property=\"og:locale\" content=\"ar_AR\" \/>\n<meta property=\"og:type\" content=\"article\" \/>\n<meta property=\"og:title\" content=\"C\u00e9ginfo\" \/>\n<meta property=\"og:description\" content=\"C\u00e9ginform\u00e1ci\u00f3 C\u00e9g neve: Nivis Assistance Zrt. Ad\u00f3sz\u00e1m: 14186060-2-42 Bank neve: MKB Bank Nyrt. HUF sz\u00e1mlasz\u00e1m: 10300002-13426223-00014909 Sz\u00e9khely: 1071 Budapest, Dembinszky utca 44. Ad\u00f3sz\u00e1m: HU14186060 Bank c\u00edme:1056 Budapest, V\u00e1ci u. 38. EUR sz\u00e1mla IBAN sz\u00e1ma: BE59 9670 1161 6926 C\u00e9gjegyz\u00e9ksz\u00e1m: 01-10-045876 Eur\u00f3pai Egyedi Azonos\u00edt\u00f3: HUOCCSZ.01-10-045876 SWIFT \/ BIC: TRWIBEB1XXX C\u00e9galap\u00edt\u00e1s d\u00e1tuma:2008. janu\u00e1r 8.\" \/>\n<meta property=\"og:url\" content=\"https:\/\/www.repatriation.hu\/ar\/ceginfo\/\" \/>\n<meta property=\"og:site_name\" content=\"repatriation.hu\" \/>\n<meta property=\"article:modified_time\" content=\"2025-03-18T18:55:25+00:00\" \/>\n<meta name=\"twitter:card\" content=\"summary_large_image\" \/>\n<meta name=\"twitter:label1\" content=\"\u0648\u0642\u062a \u0627\u0644\u0642\u0631\u0627\u0621\u0629 \u0627\u0644\u0645\u064f\u0642\u062f\u0651\u0631\" \/>\n\t<meta name=\"twitter:data1\" content=\"\u062f\u0642\u064a\u0642\u0629 \u0648\u0627\u062d\u062f\u0629\" \/>\n<script type=\"application\/ld+json\" class=\"yoast-schema-graph\">{\"@context\":\"https:\/\/schema.org\",\"@graph\":[{\"@type\":\"WebPage\",\"@id\":\"https:\/\/www.repatriation.hu\/ceginfo\/\",\"url\":\"https:\/\/www.repatriation.hu\/ceginfo\/\",\"name\":\"C\u00e9ginfo - repatriation.hu\",\"isPartOf\":{\"@id\":\"https:\/\/www.repatriation.hu\/#website\"},\"datePublished\":\"2025-03-17T20:54:07+00:00\",\"dateModified\":\"2025-03-18T18:55:25+00:00\",\"breadcrumb\":{\"@id\":\"https:\/\/www.repatriation.hu\/ceginfo\/#breadcrumb\"},\"inLanguage\":\"ar\",\"potentialAction\":[{\"@type\":\"ReadAction\",\"target\":[\"https:\/\/www.repatriation.hu\/ceginfo\/\"]}]},{\"@type\":\"BreadcrumbList\",\"@id\":\"https:\/\/www.repatriation.hu\/ceginfo\/#breadcrumb\",\"itemListElement\":[{\"@type\":\"ListItem\",\"position\":1,\"name\":\"Home\",\"item\":\"https:\/\/www.repatriation.hu\/\"},{\"@type\":\"ListItem\",\"position\":2,\"name\":\"C\u00e9ginfo\"}]},{\"@type\":\"WebSite\",\"@id\":\"https:\/\/www.repatriation.hu\/#website\",\"url\":\"https:\/\/www.repatriation.hu\/\",\"name\":\"repatriation.hu\",\"description\":\"\",\"potentialAction\":[{\"@type\":\"SearchAction\",\"target\":{\"@type\":\"EntryPoint\",\"urlTemplate\":\"https:\/\/www.repatriation.hu\/?s={search_term_string}\"},\"query-input\":{\"@type\":\"PropertyValueSpecification\",\"valueRequired\":true,\"valueName\":\"search_term_string\"}}],\"inLanguage\":\"ar\"}]}<\/script>\n<!-- \/ Yoast SEO Premium plugin. -->","yoast_head_json":{"title":"C\u00e9ginfo - repatriation.hu","robots":{"index":"index","follow":"follow","max-snippet":"max-snippet:-1","max-image-preview":"max-image-preview:large","max-video-preview":"max-video-preview:-1"},"canonical":"https:\/\/www.repatriation.hu\/ar\/ceginfo\/","og_locale":"ar_AR","og_type":"article","og_title":"C\u00e9ginfo","og_description":"C\u00e9ginform\u00e1ci\u00f3 C\u00e9g neve: Nivis Assistance Zrt. Ad\u00f3sz\u00e1m: 14186060-2-42 Bank neve: MKB Bank Nyrt. HUF sz\u00e1mlasz\u00e1m: 10300002-13426223-00014909 Sz\u00e9khely: 1071 Budapest, Dembinszky utca 44. Ad\u00f3sz\u00e1m: HU14186060 Bank c\u00edme:1056 Budapest, V\u00e1ci u. 38. EUR sz\u00e1mla IBAN sz\u00e1ma: BE59 9670 1161 6926 C\u00e9gjegyz\u00e9ksz\u00e1m: 01-10-045876 Eur\u00f3pai Egyedi Azonos\u00edt\u00f3: HUOCCSZ.01-10-045876 SWIFT \/ BIC: TRWIBEB1XXX C\u00e9galap\u00edt\u00e1s d\u00e1tuma:2008. janu\u00e1r 8.","og_url":"https:\/\/www.repatriation.hu\/ar\/ceginfo\/","og_site_name":"repatriation.hu","article_modified_time":"2025-03-18T18:55:25+00:00","twitter_card":"summary_large_image","twitter_misc":{"\u0648\u0642\u062a \u0627\u0644\u0642\u0631\u0627\u0621\u0629 \u0627\u0644\u0645\u064f\u0642\u062f\u0651\u0631":"\u062f\u0642\u064a\u0642\u0629 \u0648\u0627\u062d\u062f\u0629"},"schema":{"@context":"https:\/\/schema.org","@graph":[{"@type":"WebPage","@id":"https:\/\/www.repatriation.hu\/ceginfo\/","url":"https:\/\/www.repatriation.hu\/ceginfo\/","name":"C\u00e9ginfo - repatriation.hu","isPartOf":{"@id":"https:\/\/www.repatriation.hu\/#website"},"datePublished":"2025-03-17T20:54:07+00:00","dateModified":"2025-03-18T18:55:25+00:00","breadcrumb":{"@id":"https:\/\/www.repatriation.hu\/ceginfo\/#breadcrumb"},"inLanguage":"ar","potentialAction":[{"@type":"ReadAction","target":["https:\/\/www.repatriation.hu\/ceginfo\/"]}]},{"@type":"BreadcrumbList","@id":"https:\/\/www.repatriation.hu\/ceginfo\/#breadcrumb","itemListElement":[{"@type":"ListItem","position":1,"name":"Home","item":"https:\/\/www.repatriation.hu\/"},{"@type":"ListItem","position":2,"name":"C\u00e9ginfo"}]},{"@type":"WebSite","@id":"https:\/\/www.repatriation.hu\/#website","url":"https:\/\/www.repatriation.hu\/","name":"repatriation.hu","description":"","potentialAction":[{"@type":"SearchAction","target":{"@type":"EntryPoint","urlTemplate":"https:\/\/www.repatriation.hu\/?s={search_term_string}"},"query-input":{"@type":"PropertyValueSpecification","valueRequired":true,"valueName":"search_term_string"}}],"inLanguage":"ar"}]}},"_links":{"self":[{"href":"https:\/\/www.repatriation.hu\/ar\/wp-json\/wp\/v2\/pages\/1184","targetHints":{"allow":["GET"]}}],"collection":[{"href":"https:\/\/www.repatriation.hu\/ar\/wp-json\/wp\/v2\/pages"}],"about":[{"href":"https:\/\/www.repatriation.hu\/ar\/wp-json\/wp\/v2\/types\/page"}],"author":[{"embeddable":true,"href":"https:\/\/www.repatriation.hu\/ar\/wp-json\/wp\/v2\/users\/1"}],"replies":[{"embeddable":true,"href":"https:\/\/www.repatriation.hu\/ar\/wp-json\/wp\/v2\/comments?post=1184"}],"version-history":[{"count":24,"href":"https:\/\/www.repatriation.hu\/ar\/wp-json\/wp\/v2\/pages\/1184\/revisions"}],"predecessor-version":[{"id":1642,"href":"https:\/\/www.repatriation.hu\/ar\/wp-json\/wp\/v2\/pages\/1184\/revisions\/1642"}],"wp:attachment":[{"href":"https:\/\/www.repatriation.hu\/ar\/wp-json\/wp\/v2\/media?parent=1184"}],"curies":[{"name":"wp","href":"https:\/\/api.w.org\/{rel}","templated":true}]}}